{"id":101,"date":"2012-06-17T17:19:35","date_gmt":"2012-06-17T14:19:35","guid":{"rendered":"http:\/\/www.pelimanni.fi\/festivaalijamit\/?page_id=101"},"modified":"2014-05-10T14:57:11","modified_gmt":"2014-05-10T11:57:11","slug":"vuoden-2011-nuotit","status":"publish","type":"page","link":"http:\/\/www.pelimanni.fi\/festivaalijamit\/?page_id=101","title":{"rendered":"Festivaalijamit 2011"},"content":{"rendered":"<p>T\u00e4ss\u00e4 hyvi\u00e4 jamikappaleita ymp\u00e4ri maailmaa:<\/p>\n<p><strong>Cimbaliband <\/strong>(Unkari)<\/p>\n<ul>\n<li>Selyemcs\u00e1rd\u00e1s (Silk czardas)<\/li>\n<\/ul>\n<p><strong>V\u00e4sen <\/strong>(Ruotsi)<\/p>\n<ul>\n<li><a title=\"Bisonpolska\" href=\"http:\/\/www.pelimanni.fi\/festivaalijamit\/wp-content\/uploads\/2011\/06\/Bisonpolska.pdf\" target=\"_blank\">Bisonpolska<\/a><\/li>\n<li><a title=\"Vr\u00e5lk\u00e5da\" href=\"http:\/\/www.pelimanni.fi\/festivaalijamit\/wp-content\/uploads\/2011\/05\/Vr\u00e5lk\u00e5dauusi.pdf\" target=\"_blank\">Vr\u00e5lk\u00e5da<\/a><\/li>\n<\/ul>\n<p><strong>Hanneke Cassel<\/strong> (USA) &amp; <strong>Kevin Henderson<\/strong> (Shetlanti)<\/p>\n<ul>\n<li><a href=\"http:\/\/www.pelimanni.fi\/festivaalijamit\/wp-content\/uploads\/2011\/05\/Boston_Urban_Ceilidh.pdf\">Boston Urban Ceilidh<\/a><\/li>\n<li><a href=\"http:\/\/www.pelimanni.fi\/festivaalijamit\/wp-content\/uploads\/2011\/05\/DogsBite_D.pdf\">Dogs Bite Chapmen<\/a><\/li>\n<li><a href=\"http:\/\/www.pelimanni.fi\/festivaalijamit\/wp-content\/uploads\/2011\/05\/Stouts_Trip_Tae_Skea.pdf\">Stouts Trip Tae Skea<\/a><\/li>\n<li><a href=\"http:\/\/www.pelimanni.fi\/festivaalijamit\/wp-content\/uploads\/2011\/05\/Up_Da_Stroods_Da_Sailor_Goes.pdf\">Up Da Stroods Da Sailor Goes<\/a><\/li>\n<\/ul>\n<p><strong>Fernando Stern<\/strong> (Chile)<\/p>\n<ul>\n<li>Takakoma<\/li>\n<\/ul>\n<p><strong>Heikki Lahti &amp; Mauno J\u00e4rvel\u00e4<\/strong><\/p>\n<ul>\n<li><a href=\"http:\/\/www.pelimanni.fi\/festivaalijamit\/wp-content\/uploads\/2011\/06\/Johanneksen-poikain-sotiisi.pdf\">Johanneksen poikain sotiisi<\/a><\/li>\n<li><a href=\"http:\/\/www.pelimanni.fi\/festivaalijamit\/wp-content\/uploads\/2011\/06\/Hauranmaan-A-duurivalssi.pdf\">Hauranmaan A-duurivalssi<\/a><\/li>\n<li><a href=\"http:\/\/www.pelimanni.fi\/festivaalijamit\/wp-content\/uploads\/2011\/06\/Ellan-Valden-jatsi.pdf\">Ellan Valden jatsi<\/a><\/li>\n<li><a href=\"http:\/\/www.pelimanni.fi\/festivaalijamit\/wp-content\/uploads\/2011\/06\/Silvaanin-Kallen-masurkka.pdf\">Silvaanin Kallen masurkka<\/a><\/li>\n<li>\u00a0<a href=\"http:\/\/www.pelimanni.fi\/festivaalijamit\/wp-content\/uploads\/2011\/06\/Suutarin-Jussin-polkka.pdf\" target=\"_blank\">Suutarin-Jussin polkka<\/a><\/li>\n<\/ul>\n<p><strong>Antti ja Esko J\u00e4rvel\u00e4 &amp; Antti Paalanen<\/strong><\/p>\n<ul>\n<li><a href=\"http:\/\/www.pelimanni.fi\/festivaalijamit\/wp-content\/uploads\/2011\/05\/LaihianPolkka.pdf\">Laihian polkka<\/a><\/li>\n<li><a href=\"http:\/\/www.pelimanni.fi\/festivaalijamit\/wp-content\/uploads\/2011\/05\/Nurkkatanssit.pdf\">Nurkkatanssit<\/a><\/li>\n<li><a href=\"http:\/\/www.pelimanni.fi\/festivaalijamit\/wp-content\/uploads\/2011\/05\/Ardran_Ti_Me_Zad.pdf\">Ardran_Ti_Me_Zad<\/a><\/li>\n<li><a href=\"http:\/\/www.pelimanni.fi\/festivaalijamit\/wp-content\/uploads\/2011\/05\/PolonessaSpoof.pdf\">Polonessa Spoof<\/a><\/li>\n<\/ul>\n<p><strong>Snaarmaarwaar <\/strong>(Belgia)<\/p>\n<ul>\n<li><a href=\"http:\/\/www.pelimanni.fi\/festivaalijamit\/wp-content\/uploads\/2011\/05\/Colonne_La_Gavre.pdf\">Colonne_La_Gavre<\/a> <a href=\"http:\/\/www.pelimanni.fi\/festivaalijamit\/wp-content\/uploads\/2011\/05\/Bodabourr...pdf\">Bodabouree<\/a><\/li>\n<li><a href=\"http:\/\/www.pelimanni.fi\/festivaalijamit\/wp-content\/uploads\/2011\/05\/Horlepijp.pdf\">Horlepijp<\/a><\/li>\n<li><a href=\"http:\/\/www.pelimanni.fi\/festivaalijamit\/wp-content\/uploads\/2011\/05\/Kadril_van_Mechelen.pdf\">Kadril_van_Mechelen<\/a><\/li>\n<\/ul>\n<p><strong>Gjangsta <\/strong>(Viro)<\/p>\n<ul>\n<li><a href=\"http:\/\/www.pelimanni.fi\/festivaalijamit\/wp-content\/uploads\/2011\/05\/Sipelga_polka11.pdf\">Sipelga polka<\/a><\/li>\n<li><a href=\"http:\/\/www.pelimanni.fi\/festivaalijamit\/wp-content\/uploads\/2011\/05\/Reinlender.pdf\">Reinlender<\/a><\/li>\n<li><a href=\"http:\/\/www.pelimanni.fi\/festivaalijamit\/wp-content\/uploads\/2011\/05\/karula_mehe_mesileib.pdf\">Karula_mehe_mesileib<\/a><\/li>\n<\/ul>\n<p><strong>Kommentit ja yhteydenotot:<\/strong> Antti J\u00e4rvel\u00e4 +358-40-5383935 anjarvel [\u00e4t] gmail.com<\/p>\n<p><em>Sivuston yll\u00e4pito: komppipelimanni [\u00e4t] pelimanni.fi<\/em><\/p>\n","protected":false},"excerpt":{"rendered":"<p>T\u00e4ss\u00e4 hyvi\u00e4 jamikappaleita ymp\u00e4ri maailmaa: Cimbaliband (Unkari) Selyemcs\u00e1rd\u00e1s (Silk czardas) V\u00e4sen (Ruotsi) Bisonpolska Vr\u00e5lk\u00e5da Hanneke Cassel (USA) &amp; Kevin Henderson (Shetlanti) Boston Urban Ceilidh Dogs Bite Chapmen Stouts Trip Tae Skea Up Da Stroods Da Sailor Goes Fernando Stern (Chile) &hellip; <a href=\"http:\/\/www.pelimanni.fi\/festivaalijamit\/?page_id=101\">Continue reading <span class=\"meta-nav\">&rarr;<\/span><\/a><\/p>\n","protected":false},"author":1,"featured_media":0,"parent":0,"menu_order":5,"comment_status":"closed","ping_status":"open","template":"","meta":{"footnotes":""},"class_list":["post-101","page","type-page","status-publish","hentry"],"_links":{"self":[{"href":"http:\/\/www.pelimanni.fi\/festivaalijamit\/index.php?rest_route=\/wp\/v2\/pages\/101","targetHints":{"allow":["GET"]}}],"collection":[{"href":"http:\/\/www.pelimanni.fi\/festivaalijamit\/index.php?rest_route=\/wp\/v2\/pages"}],"about":[{"href":"http:\/\/www.pelimanni.fi\/festivaalijamit\/index.php?rest_route=\/wp\/v2\/types\/page"}],"author":[{"embeddable":true,"href":"http:\/\/www.pelimanni.fi\/festivaalijamit\/index.php?rest_route=\/wp\/v2\/users\/1"}],"replies":[{"embeddable":true,"href":"http:\/\/www.pelimanni.fi\/festivaalijamit\/index.php?rest_route=%2Fwp%2Fv2%2Fcomments&post=101"}],"version-history":[{"count":6,"href":"http:\/\/www.pelimanni.fi\/festivaalijamit\/index.php?rest_route=\/wp\/v2\/pages\/101\/revisions"}],"predecessor-version":[{"id":293,"href":"http:\/\/www.pelimanni.fi\/festivaalijamit\/index.php?rest_route=\/wp\/v2\/pages\/101\/revisions\/293"}],"wp:attachment":[{"href":"http:\/\/www.pelimanni.fi\/festivaalijamit\/index.php?rest_route=%2Fwp%2Fv2%2Fmedia&parent=101"}],"curies":[{"name":"wp","href":"https:\/\/api.w.org\/{rel}","templated":true}]}}