{"id":174,"date":"2013-06-10T22:04:26","date_gmt":"2013-06-10T19:04:26","guid":{"rendered":"http:\/\/www.pelimanni.fi\/festivaalijamit\/?page_id=174"},"modified":"2014-05-10T15:05:53","modified_gmt":"2014-05-10T12:05:53","slug":"vuoden-2012-nuotit","status":"publish","type":"page","link":"http:\/\/www.pelimanni.fi\/festivaalijamit\/?page_id=174","title":{"rendered":"Festivaalijamit 2012"},"content":{"rendered":"<p>Alla olevien kappaleiden lis\u00e4ksi soitetaan my\u00f6s n\u00e4it\u00e4 tuttuja:\u00a0<a title=\"Ellan Valden jatsi\" href=\"http:\/\/www.pelimanni.fi\/festivaalijamit\/wp-content\/uploads\/2011\/06\/Ellan-Valden-jatsi.pdf\" target=\"_blank\">Ellan Valden Jatsi<\/a>,\u00a0<a title=\"Nurkkatanssit\" href=\"http:\/\/www.pelimanni.fi\/festivaalijamit\/wp-content\/uploads\/2011\/05\/Nurkkatanssit.pdf\" target=\"_blank\">Nurkkatanssit<\/a>,\u00a0<a title=\"Haudanmaan A-duurivalssi\" href=\"http:\/\/www.pelimanni.fi\/festivaalijamit\/wp-content\/uploads\/2011\/06\/Hauranmaan-A-duurivalssi.pdf\" target=\"_blank\">Hauranmaan A-duurivalssi<\/a>\u00a0sek\u00e4\u00a0<a title=\"Laihian polkka\" href=\"http:\/\/www.pelimanni.fi\/festivaalijamit\/wp-content\/uploads\/2011\/05\/LaihianPolkka.pdf\" target=\"_blank\">Laihian Polkka<\/a>.<\/p>\n<p><strong>Kaustisen Festivaalijamit 2012 &#8211; Workshop-aikataulu:<\/strong><\/p>\n<p><strong>Ti 10.7. klo\u00a0<strong>11.30-13.00<\/strong><br \/>\nAnton Teljeb\u00e4ck (SE)<\/strong><a href=\"http:\/\/www.pelimanni.fi\/festivaalijamit\/wp-content\/uploads\/2011\/05\/ValsAkabat1.pdf\"><br \/>\nVals Akabat<\/a><a href=\"http:\/\/www.pelimanni.fi\/festivaalijamit\/wp-content\/uploads\/2011\/05\/DansaLitenPiga2.pdf\"><br \/>\nDansa liten piga<\/a><\/p>\n<p><strong>422 (UK)<\/strong><a href=\"http:\/\/www.pelimanni.fi\/festivaalijamit\/wp-content\/uploads\/2011\/05\/GrandfathersTune1.pdf\"><br \/>\nGrandfathers Tune<br \/>\n<\/a><a href=\"http:\/\/www.pelimanni.fi\/festivaalijamit\/wp-content\/uploads\/2011\/05\/Zycanthos.pdf\">Zycanthos<\/a><\/p>\n<p><strong>Magnus Holmstr\u00f6m<br \/>\n<\/strong><a href=\"http:\/\/www.pelimanni.fi\/festivaalijamit\/wp-content\/uploads\/2011\/05\/KnaftJonkesSchottis.pdf\">Knaft Jonkes schottis<br \/>\n<\/a><a href=\"http:\/\/www.pelimanni.fi\/festivaalijamit\/wp-content\/uploads\/2011\/05\/Sirapsbacken.pdf\">Sirapsbacken<\/a><\/p>\n<p><strong>Ke 11.7. klo\u00a0<strong>11.30-13.00<\/strong><\/strong><br \/>\n<strong>Hyperborea<\/strong><a href=\"http:\/\/www.pelimanni.fi\/festivaalijamit\/wp-content\/uploads\/2011\/05\/SielunestunPolkka1.pdf\"><br \/>\nSielunestun polkka<\/a><br \/>\n<a href=\"http:\/\/www.pelimanni.fi\/festivaalijamit\/wp-content\/uploads\/2011\/05\/IsuaEnkeliskaa2.pdf\">Isua Enkeliskaa<\/a><\/p>\n<p><strong>Antti ja Esko J\u00e4rvel\u00e4<\/strong><a href=\"http:\/\/www.pelimanni.fi\/festivaalijamit\/wp-content\/uploads\/2011\/05\/KasteliKukkaaVanhaMummo1.pdf\"><br \/>\nKasteli kukkaa vanha mummo<\/a><a href=\"http:\/\/www.pelimanni.fi\/festivaalijamit\/wp-content\/uploads\/2011\/05\/OjalanSotiisi1.pdf\"><br \/>\nOjalan sotiisi<\/a><\/p>\n<p><strong>To 12.7.\u00a0<strong>klo\u00a0<strong>11.30-13.00<\/strong><\/strong><br \/>\nBruce Molsky (USA)<\/strong><a href=\"http:\/\/www.pelimanni.fi\/festivaalijamit\/wp-content\/uploads\/2011\/05\/LostGirl.pdf\"><br \/>\nLost Girl<\/a><a href=\"http:\/\/www.pelimanni.fi\/festivaalijamit\/wp-content\/uploads\/2011\/05\/DuckRiver1.pdf\"><br \/>\nDuck River<\/a><a href=\"http:\/\/www.pelimanni.fi\/festivaalijamit\/wp-content\/uploads\/2011\/05\/DuckRiverPerusmelodia.pdf\"><br \/>\nDuck River perusmelodia<\/a><\/p>\n<p><strong>Rutkowski &amp; Lagrange (FR)<\/strong><a href=\"http:\/\/www.pelimanni.fi\/festivaalijamit\/wp-content\/uploads\/2011\/05\/LaNeracoise.pdf\"><br \/>\nLa Neracoise<\/a><a href=\"http:\/\/www.pelimanni.fi\/festivaalijamit\/wp-content\/uploads\/2011\/05\/ScottishDuTienne.pdf\"><br \/>\nScottish Du Tienne<\/a><\/p>\n<p><strong>VEM (EST)<\/strong><a href=\"http:\/\/www.pelimanni.fi\/festivaalijamit\/wp-content\/uploads\/2011\/05\/KuimetsaKaieLugu_Labajalg.pdf\"><br \/>\nKuimetsa Kaie lugu<\/a><a href=\"http:\/\/www.pelimanni.fi\/festivaalijamit\/wp-content\/uploads\/2011\/05\/MustlasePolka.pdf\"><br \/>\nMustlase polka<\/a><a href=\"http:\/\/www.pelimanni.fi\/festivaalijamit\/wp-content\/uploads\/2011\/05\/VanaPolka.pdf\"><br \/>\nVana polka<\/a><\/p>\n<p><strong>Pe 13.7.\u00a0<strong>klo\u00a0<strong>11.30-13.00<\/strong><\/strong><br \/>\nKalle Ankarblom (SE)<\/strong><a href=\"http:\/\/www.pelimanni.fi\/festivaalijamit\/wp-content\/uploads\/2011\/05\/LastManStandingAntti.pdf\"><br \/>\nLast man standing\u00a0<\/a><a href=\"http:\/\/www.pelimanni.fi\/festivaalijamit\/wp-content\/uploads\/2011\/05\/FABulous.pdf\"><br \/>\nFABulous<\/a><\/p>\n<p><strong>Taito Hoffr\u00e9n ja Ilona Korhonen<\/strong><a href=\"http:\/\/www.pelimanni.fi\/festivaalijamit\/wp-content\/uploads\/2011\/05\/AmeriikanPolokanTahtia.pdf\"><br \/>\nAmeriikan polokan tahtia<\/a><\/p>\n<p><strong>Mauno J\u00e4rvel\u00e4, Heikki Lahti &amp; Katja Lampinen<\/strong><a href=\"http:\/\/www.pelimanni.fi\/festivaalijamit\/wp-content\/uploads\/2011\/05\/HinkkiinTulloo.pdf\"><br \/>\nHinkkiin tulloo<\/a><a href=\"http:\/\/www.pelimanni.fi\/festivaalijamit\/wp-content\/uploads\/2011\/05\/MasunistinKallenPolkka.pdf\"><br \/>\nMasunistin Kallen polkka<\/a><\/p>\n<p>Kes\u00e4terveisin, Antti J\u00e4rvel\u00e4<\/p>\n<p>Yhteydenotot asian tiimoilta alla olevaan s\u00e4hk\u00f6postiosoitteeseen tai puhelinnumeroon.<br \/>\nAntti J\u00e4rvel\u00e4<br \/>\nPesolantie 3<br \/>\n62300 H\u00c4RM\u00c4 Finland<br \/>\n+358-40-5383935<br \/>\nanjarvel [\u00e4t] gmail.com<\/p>\n<div><\/div>\n","protected":false},"excerpt":{"rendered":"<p>Alla olevien kappaleiden lis\u00e4ksi soitetaan my\u00f6s n\u00e4it\u00e4 tuttuja:\u00a0Ellan Valden Jatsi,\u00a0Nurkkatanssit,\u00a0Hauranmaan A-duurivalssi\u00a0sek\u00e4\u00a0Laihian Polkka. Kaustisen Festivaalijamit 2012 &#8211; Workshop-aikataulu: Ti 10.7. klo\u00a011.30-13.00 Anton Teljeb\u00e4ck (SE) Vals Akabat Dansa liten piga 422 (UK) Grandfathers Tune Zycanthos Magnus Holmstr\u00f6m Knaft Jonkes schottis Sirapsbacken Ke &hellip; <a href=\"http:\/\/www.pelimanni.fi\/festivaalijamit\/?page_id=174\">Continue reading <span class=\"meta-nav\">&rarr;<\/span><\/a><\/p>\n","protected":false},"author":1,"featured_media":0,"parent":0,"menu_order":4,"comment_status":"closed","ping_status":"open","template":"","meta":{"footnotes":""},"class_list":["post-174","page","type-page","status-publish","hentry"],"_links":{"self":[{"href":"http:\/\/www.pelimanni.fi\/festivaalijamit\/index.php?rest_route=\/wp\/v2\/pages\/174","targetHints":{"allow":["GET"]}}],"collection":[{"href":"http:\/\/www.pelimanni.fi\/festivaalijamit\/index.php?rest_route=\/wp\/v2\/pages"}],"about":[{"href":"http:\/\/www.pelimanni.fi\/festivaalijamit\/index.php?rest_route=\/wp\/v2\/types\/page"}],"author":[{"embeddable":true,"href":"http:\/\/www.pelimanni.fi\/festivaalijamit\/index.php?rest_route=\/wp\/v2\/users\/1"}],"replies":[{"embeddable":true,"href":"http:\/\/www.pelimanni.fi\/festivaalijamit\/index.php?rest_route=%2Fwp%2Fv2%2Fcomments&post=174"}],"version-history":[{"count":4,"href":"http:\/\/www.pelimanni.fi\/festivaalijamit\/index.php?rest_route=\/wp\/v2\/pages\/174\/revisions"}],"predecessor-version":[{"id":302,"href":"http:\/\/www.pelimanni.fi\/festivaalijamit\/index.php?rest_route=\/wp\/v2\/pages\/174\/revisions\/302"}],"wp:attachment":[{"href":"http:\/\/www.pelimanni.fi\/festivaalijamit\/index.php?rest_route=%2Fwp%2Fv2%2Fmedia&parent=174"}],"curies":[{"name":"wp","href":"https:\/\/api.w.org\/{rel}","templated":true}]}}