{"id":2,"date":"2010-06-18T20:51:35","date_gmt":"2010-06-18T20:51:35","guid":{"rendered":"http:\/\/www.pelimanni.fi\/festivaalijamit\/?page_id=2"},"modified":"2015-05-13T15:53:42","modified_gmt":"2015-05-13T12:53:42","slug":"about","status":"publish","type":"page","link":"http:\/\/www.pelimanni.fi\/festivaalijamit\/?page_id=2","title":{"rendered":"Festivaalijamit?"},"content":{"rendered":"<p><strong>Festivaalijamit\u00a0taas Kaustisella!<\/strong><\/p>\n<p>Kes\u00e4ll\u00e4 2011\u00a0k\u00e4yntiin polkaistut, heti pelimannikansan suosioon l\u00f6yt\u00e4neet jamiworkshopit saavat jatkoa!<\/p>\n<p>Kaustisen festivaaleilla n\u00e4hd\u00e4\u00e4n j\u00e4lleen t\u00e4n\u00e4 kes\u00e4n\u00e4 koko joukko kansainv\u00e4lisi\u00e4 huippuartisteja, joista monet my\u00f6s osallistuvat jami-is\u00e4ntin\u00e4 ja -em\u00e4ntin\u00e4.<\/p>\n<p>Soittimesta, i\u00e4st\u00e4, kokemuksesta tai taitotasosta riippumatta kaikille avoimissa jamiworkshopeissa voi kukin tahollaan tai vaikkapa esiintyj\u00e4ryhm\u00e4ns\u00e4 kanssa tulla opettelemaan uusia, menevi\u00e4 sek\u00e4 sopivan helpposoittoisia kansans\u00e4velmi\u00e4 ymp\u00e4ri maailmaa. Niit\u00e4 sitten soitetaan iltajameissa pitk\u00e4n viikkoa. Samalla tarjoutuu erinomainen tilaisuus tutustua niin koti- kuin ulkomaisiin esiintyj\u00e4vieraisiin ja miksei my\u00f6s kanssasoittajiinkin paremmin!<\/p>\n<p>Nuottimateriaaliin voi ennakkoon tutustua n\u00e4ill\u00e4 sivuilla.\u00a0Kansanmusiikki-instituutti julkaisee lis\u00e4ksi aiheeseen liittyv\u00e4n taskukokoisen nuottivihkosen, joka on saatavilla festivaaleilla. Kaikki workshopit j\u00e4rjestet\u00e4\u00e4n Caf\u00e9 Mondossa\u00a0ja tilaisuudet ovat avoimia kaikille pelimannikorttilaisille sek\u00e4 aluelipun ostaneille.<\/p>\n<p>Ja ei kun soittelemaan!<\/p>\n<p>Nuotit l\u00f6ytyv\u00e4t yl\u00e4palkista.<\/p>\n<p>&nbsp;<\/p>\n","protected":false},"excerpt":{"rendered":"<p>Festivaalijamit\u00a0taas Kaustisella! Kes\u00e4ll\u00e4 2011\u00a0k\u00e4yntiin polkaistut, heti pelimannikansan suosioon l\u00f6yt\u00e4neet jamiworkshopit saavat jatkoa! Kaustisen festivaaleilla n\u00e4hd\u00e4\u00e4n j\u00e4lleen t\u00e4n\u00e4 kes\u00e4n\u00e4 koko joukko kansainv\u00e4lisi\u00e4 huippuartisteja, joista monet my\u00f6s osallistuvat jami-is\u00e4ntin\u00e4 ja -em\u00e4ntin\u00e4. Soittimesta, i\u00e4st\u00e4, kokemuksesta tai taitotasosta riippumatta kaikille avoimissa jamiworkshopeissa voi kukin &hellip; <a href=\"http:\/\/www.pelimanni.fi\/festivaalijamit\/?page_id=2\">Continue reading <span class=\"meta-nav\">&rarr;<\/span><\/a><\/p>\n","protected":false},"author":1,"featured_media":0,"parent":0,"menu_order":1,"comment_status":"open","ping_status":"open","template":"","meta":{"footnotes":""},"class_list":["post-2","page","type-page","status-publish","hentry"],"_links":{"self":[{"href":"http:\/\/www.pelimanni.fi\/festivaalijamit\/index.php?rest_route=\/wp\/v2\/pages\/2","targetHints":{"allow":["GET"]}}],"collection":[{"href":"http:\/\/www.pelimanni.fi\/festivaalijamit\/index.php?rest_route=\/wp\/v2\/pages"}],"about":[{"href":"http:\/\/www.pelimanni.fi\/festivaalijamit\/index.php?rest_route=\/wp\/v2\/types\/page"}],"author":[{"embeddable":true,"href":"http:\/\/www.pelimanni.fi\/festivaalijamit\/index.php?rest_route=\/wp\/v2\/users\/1"}],"replies":[{"embeddable":true,"href":"http:\/\/www.pelimanni.fi\/festivaalijamit\/index.php?rest_route=%2Fwp%2Fv2%2Fcomments&post=2"}],"version-history":[{"count":23,"href":"http:\/\/www.pelimanni.fi\/festivaalijamit\/index.php?rest_route=\/wp\/v2\/pages\/2\/revisions"}],"predecessor-version":[{"id":426,"href":"http:\/\/www.pelimanni.fi\/festivaalijamit\/index.php?rest_route=\/wp\/v2\/pages\/2\/revisions\/426"}],"wp:attachment":[{"href":"http:\/\/www.pelimanni.fi\/festivaalijamit\/index.php?rest_route=%2Fwp%2Fv2%2Fmedia&parent=2"}],"curies":[{"name":"wp","href":"https:\/\/api.w.org\/{rel}","templated":true}]}}