{"id":255,"date":"2013-12-09T15:23:10","date_gmt":"2013-12-09T12:23:10","guid":{"rendered":"http:\/\/www.pelimanni.fi\/festivaalijamit\/?page_id=255"},"modified":"2014-05-10T15:05:21","modified_gmt":"2014-05-10T12:05:21","slug":"festivaalijamikappaleet-2013","status":"publish","type":"page","link":"http:\/\/www.pelimanni.fi\/festivaalijamit\/?page_id=255","title":{"rendered":"Festivaalijamit 2013"},"content":{"rendered":"<p><strong>TERVEHDYS PELIMANNIT!<\/strong><\/p>\n<p>Mm. n\u00e4it\u00e4 kappaleita soitellaan my\u00f6s Orivedell\u00e4 Tapaninjameissa\u00a02013:<\/p>\n<ul>\n<li><a href=\"http:\/\/www.pelimanni.fi\/festivaalijamit\/wp-content\/uploads\/2013\/06\/Gudmunddansen.pdf\" target=\"_blank\">Gudmunddansen<\/a><\/li>\n<li><a href=\"http:\/\/www.pelimanni.fi\/festivaalijamit\/wp-content\/uploads\/2013\/06\/Reinlendar.pdf\" target=\"_blank\">Reinlendar<\/a><\/li>\n<li><a href=\"http:\/\/www.pelimanni.fi\/festivaalijamit\/wp-content\/uploads\/2013\/06\/ValsAvVidarSkrede.pdf\" target=\"_blank\">Vals av Vidar Strede<\/a><\/li>\n<\/ul>\n<ul>\n<li><a href=\"http:\/\/www.pelimanni.fi\/festivaalijamit\/wp-content\/uploads\/2013\/06\/Polon\u00e4s-nr-72-Sexdrega.pdf\" target=\"_blank\">Polon\u00e4s fr\u00e5n Sexdrega<\/a><\/li>\n<li><a href=\"http:\/\/www.pelimanni.fi\/festivaalijamit\/wp-content\/uploads\/2013\/06\/Pari-polskaa-Kokkolasta.pdf\" target=\"_blank\">Pari polskaa Kokkolasta<\/a><\/li>\n<li><a href=\"http:\/\/www.pelimanni.fi\/festivaalijamit\/wp-content\/uploads\/2013\/06\/Kringellek-fr\u00e5n-Siljansn\u00e4s.pdf\" target=\"_blank\">Kringellek fr\u00e5n Siljansn\u00e4s<\/a><\/li>\n<\/ul>\n<ul>\n<li><a href=\"http:\/\/www.pelimanni.fi\/festivaalijamit\/wp-content\/uploads\/2013\/06\/Juhantalon-Faarin-Valssi.pdf\" target=\"_blank\">Juhantalon Faarin valssi<\/a><\/li>\n<li><a href=\"http:\/\/www.pelimanni.fi\/festivaalijamit\/wp-content\/uploads\/2013\/06\/Kustaa-J\u00e4rvisen-Tyysk\u00e4sarja.pdf\" target=\"_blank\">Kustaa J\u00e4rvisen tyysk\u00e4sarjasta<\/a><\/li>\n<li><a href=\"http:\/\/www.pelimanni.fi\/festivaalijamit\/wp-content\/uploads\/2013\/06\/Eik\u00e4-Mulla-Kotua-Ole.pdf\" target=\"_blank\">Eik\u00e4 mulla kotua ole<\/a><\/li>\n<li><a href=\"http:\/\/www.pelimanni.fi\/festivaalijamit\/wp-content\/uploads\/2013\/06\/Bjekkergauken.pdf\" target=\"_blank\">Bjekkergauken<\/a><\/li>\n<\/ul>\n<ul>\n<li><a href=\"http:\/\/www.pelimanni.fi\/festivaalijamit\/wp-content\/uploads\/2013\/06\/Kyytipoika.pdf\" target=\"_blank\">Kyytipoika<\/a><\/li>\n<li><a href=\"http:\/\/www.pelimanni.fi\/festivaalijamit\/wp-content\/uploads\/2013\/06\/Polska-Orhwurm.pdf\" target=\"_blank\">Polska Orhwurm<\/a><\/li>\n<\/ul>\n<ul>\n<li><a href=\"http:\/\/www.pelimanni.fi\/festivaalijamit\/wp-content\/uploads\/2013\/06\/A-duuri-Silia-Valssi.pdf\" target=\"_blank\">A-duuri silia valssi<\/a>\u00a0 (<a href=\"https:\/\/www.facebook.com\/video\/video.php?v=10201322793454616\" target=\"_blank\">Video: Kyl\u00e4soitto Jylh\u00e4ss\u00e4)<\/a><\/li>\n<li><a href=\"http:\/\/www.pelimanni.fi\/festivaalijamit\/wp-content\/uploads\/2013\/06\/Puustelin-Veikon-Sotiisi.pdf\" target=\"_blank\">Puustelin Veikon sotiisi<\/a><\/li>\n<li><a href=\"http:\/\/www.pelimanni.fi\/festivaalijamit\/wp-content\/uploads\/2013\/06\/Salonkyl\u00e4n-polkka.pdf\" target=\"_blank\">Salonkyl\u00e4n polkka<\/a><\/li>\n<li><a href=\"http:\/\/www.pelimanni.fi\/festivaalijamit\/wp-content\/uploads\/2013\/06\/Villen-marssi.pdf\" target=\"_blank\">Villen marssi<\/a><\/li>\n<li><a href=\"http:\/\/www.pelimanni.fi\/festivaalijamit\/wp-content\/uploads\/2013\/06\/D-duuri-hoppatahti.pdf\" target=\"_blank\">D-duuri hoppatahti<\/a><\/li>\n<\/ul>\n<p><em>Sivuston yll\u00e4pito:<\/em><\/p>\n<p><em> komppipelimanni [\u00e4t] pelimanni.fi<\/em><\/p>\n","protected":false},"excerpt":{"rendered":"<p>TERVEHDYS PELIMANNIT! Mm. n\u00e4it\u00e4 kappaleita soitellaan my\u00f6s Orivedell\u00e4 Tapaninjameissa\u00a02013: Gudmunddansen Reinlendar Vals av Vidar Strede Polon\u00e4s fr\u00e5n Sexdrega Pari polskaa Kokkolasta Kringellek fr\u00e5n Siljansn\u00e4s Juhantalon Faarin valssi Kustaa J\u00e4rvisen tyysk\u00e4sarjasta Eik\u00e4 mulla kotua ole Bjekkergauken Kyytipoika Polska Orhwurm A-duuri silia &hellip; <a href=\"http:\/\/www.pelimanni.fi\/festivaalijamit\/?page_id=255\">Continue reading <span class=\"meta-nav\">&rarr;<\/span><\/a><\/p>\n","protected":false},"author":1,"featured_media":0,"parent":0,"menu_order":3,"comment_status":"closed","ping_status":"open","template":"","meta":{"footnotes":""},"class_list":["post-255","page","type-page","status-publish","hentry"],"_links":{"self":[{"href":"http:\/\/www.pelimanni.fi\/festivaalijamit\/index.php?rest_route=\/wp\/v2\/pages\/255","targetHints":{"allow":["GET"]}}],"collection":[{"href":"http:\/\/www.pelimanni.fi\/festivaalijamit\/index.php?rest_route=\/wp\/v2\/pages"}],"about":[{"href":"http:\/\/www.pelimanni.fi\/festivaalijamit\/index.php?rest_route=\/wp\/v2\/types\/page"}],"author":[{"embeddable":true,"href":"http:\/\/www.pelimanni.fi\/festivaalijamit\/index.php?rest_route=\/wp\/v2\/users\/1"}],"replies":[{"embeddable":true,"href":"http:\/\/www.pelimanni.fi\/festivaalijamit\/index.php?rest_route=%2Fwp%2Fv2%2Fcomments&post=255"}],"version-history":[{"count":9,"href":"http:\/\/www.pelimanni.fi\/festivaalijamit\/index.php?rest_route=\/wp\/v2\/pages\/255\/revisions"}],"predecessor-version":[{"id":300,"href":"http:\/\/www.pelimanni.fi\/festivaalijamit\/index.php?rest_route=\/wp\/v2\/pages\/255\/revisions\/300"}],"wp:attachment":[{"href":"http:\/\/www.pelimanni.fi\/festivaalijamit\/index.php?rest_route=%2Fwp%2Fv2%2Fmedia&parent=255"}],"curies":[{"name":"wp","href":"https:\/\/api.w.org\/{rel}","templated":true}]}}