{"id":278,"date":"2014-05-10T14:43:55","date_gmt":"2014-05-10T11:43:55","guid":{"rendered":"http:\/\/www.pelimanni.fi\/festivaalijamit\/?page_id=278"},"modified":"2015-05-13T15:48:43","modified_gmt":"2015-05-13T12:48:43","slug":"festivaalikappaleet-2014","status":"publish","type":"page","link":"http:\/\/www.pelimanni.fi\/festivaalijamit\/?page_id=278","title":{"rendered":"Festivaalijamit  2014"},"content":{"rendered":"<h3><strong>320TERVEHDYS PELIMANNIT!<\/strong><\/h3>\n<p>Ota varasl\u00e4ht\u00f6 kursseille ja tule jamisoittoon Orivedelle edellisen\u00e4 iltana 26.12.! Jameissa soitellaan Kaustisen workshop-ohjelmistoa, ja muutakin joka l\u00e4htee porukalla soimaan.<\/p>\n<h3>N\u00e4it\u00e4 viime kes\u00e4n Kaustisen Festivaalijamien kappaleita soitetaan my\u00f6s Oriveden perinteisilla kansanmusiikkikursseilla 26.12.2014.<\/h3>\n<h3>N\u00e4int\u00e4 soiteltiin viime kes\u00e4n\u00e4 Kaustisen viikon aikana:<\/h3>\n<h3><strong>Tiistain workshop: Curly Strings (EE), Dornfeld, Hakala &amp; Varis(US\/FI)<\/strong><\/h3>\n<p>Aamani polka <a href=\"http:\/\/www.pelimanni.fi\/festivaalijamit\/wp-content\/uploads\/2014\/05\/CurlyStrings_Aamani_polka.pdf\">pdf<\/a><\/p>\n<p>Kadunud Ungarisse <a href=\"http:\/\/www.pelimanni.fi\/festivaalijamit\/wp-content\/uploads\/2014\/05\/CurlyStrings_Kadunud_Ungarisse.pdf\">pdf<\/a><\/p>\n<p>Billy in the lowground <a href=\"http:\/\/www.pelimanni.fi\/festivaalijamit\/wp-content\/uploads\/2014\/05\/Dornfeld_Billy_in_the_lowground.pdf\">pdf<\/a><\/p>\n<p>Elzic&#8217;s farewell <a href=\"http:\/\/www.pelimanni.fi\/festivaalijamit\/wp-content\/uploads\/2014\/05\/Dornfeld_Elzics_farewell.pdf\">pdf<\/a><\/p>\n<p>&nbsp;<\/p>\n<h3><strong>Keskiviikon workshop: Orivesi All Stars, Trio Dhoore(BE), Tallari<\/strong><\/h3>\n<h3>Virtalan Reinon kn\u00e4pp\u00e4yspolkka <a href=\"http:\/\/www.pelimanni.fi\/festivaalijamit\/wp-content\/uploads\/2014\/05\/OAS_Virtalan_Reinon_Knaapsaayspolkka.pdf\">pdf<\/a><\/h3>\n<h3>Heartbeat (hanterdro) <a href=\"http:\/\/www.pelimanni.fi\/festivaalijamit\/wp-content\/uploads\/2014\/05\/TrioDhoore_Heartbeat_hanterdro.pdf\">pdf<\/a><\/h3>\n<h3>Very jeune (gavotte de l&#8217;Aven) <a href=\"http:\/\/www.pelimanni.fi\/festivaalijamit\/wp-content\/uploads\/2014\/05\/TrioDhoore_Very_jeune_gavottedelAven.pdf\">pdf<\/a><\/h3>\n<h3>Pyykkipolkka <a href=\"http:\/\/www.pelimanni.fi\/festivaalijamit\/wp-content\/uploads\/2014\/05\/Tallari_Pyykkipolkka1.pdf\">pdf<\/a><\/h3>\n<h3>Lahnapera\u0308n Maijan polkka <a href=\"http:\/\/www.pelimanni.fi\/festivaalijamit\/wp-content\/uploads\/2014\/05\/Tallari_Lahnaperaan_Maijan_polkka.pdf\">pdf<\/a><\/h3>\n<h3><strong>Torstain workshop: Carr &amp; Thoumire (UK), Ahlberg, Ek &amp; Roswall (SE)<\/strong><\/h3>\n<h3>Ross Ainslie&#8217;s March <a href=\"http:\/\/www.pelimanni.fi\/festivaalijamit\/wp-content\/uploads\/2014\/05\/CarrThoumire_Ross_Ainslies_March.pdf\">pdf<\/a><\/h3>\n<h3>Big Horse <a href=\"http:\/\/www.pelimanni.fi\/festivaalijamit\/wp-content\/uploads\/2014\/05\/CarrThoumire_Big_Horse.pdf\">pdf<\/a><\/h3>\n<h3>Snigelschottis <a href=\"http:\/\/www.pelimanni.fi\/festivaalijamit\/wp-content\/uploads\/2014\/05\/AhlbergEkRoswall_Snigelschottis.pdf\">pdf<\/a><\/h3>\n<h3>Vals efter Jo\u0308ns Persson <a href=\"http:\/\/www.pelimanni.fi\/festivaalijamit\/wp-content\/uploads\/2014\/05\/AhlbergEkRoswall_Vals-efter-Jons-Persson.pdf\">pdf<\/a><\/h3>\n<p><strong>Perjantain <strong>workshop<\/strong>: Antit Paalanen &amp; J\u00e4rvel\u00e4, Esko J\u00e4rvel\u00e4, Pia Rask sek\u00e4 Jamipolkkakilpailun voittaja<\/strong><\/p>\n<h3>Kutita Kustaa (polkka) <a href=\"http:\/\/www.pelimanni.fi\/festivaalijamit\/wp-content\/uploads\/2014\/05\/AntitJaEsko_Kutit_Kustaa.pdf\">pdf<\/a><\/h3>\n<h3>Bornholm Set no 1 <a href=\"http:\/\/www.pelimanni.fi\/festivaalijamit\/wp-content\/uploads\/2014\/05\/AntitJaEsko_Bornholm_Set_no1.pdf\">pdf<\/a><\/h3>\n<h3>Bornholm Set no 2 <a href=\"http:\/\/www.pelimanni.fi\/festivaalijamit\/wp-content\/uploads\/2014\/05\/AntitJaEsko_Bornholm_Set_no2.pdf\">pdf<\/a><\/h3>\n<h3>Herrojen kanssa pellon laidalla <a href=\"http:\/\/www.pelimanni.fi\/festivaalijamit\/wp-content\/uploads\/2014\/05\/PiaRask_Herrojen_kanssa_pellon_laidalla.pdf\">pdf<\/a><\/h3>\n<h3>Sorjana kasvoi valkoinen koivu <a href=\"http:\/\/www.pelimanni.fi\/festivaalijamit\/wp-content\/uploads\/2014\/05\/PiaRask_SorjanaKasvoi.pdf\">pdf<\/a><\/h3>\n<p><strong>Lauantain workshop: Kjell-Erik Eriksson(SE), Bolln\u00e4sbygdens pelmanslag(SE)<\/strong><\/p>\n<p>Gubbarnas Schottis <a href=\"http:\/\/www.pelimanni.fi\/festivaalijamit\/wp-content\/uploads\/2014\/05\/HovenDroven_GubbarnasSchottis.pdf\">pdf<\/a><\/p>\n<p>Slentbjenn <a href=\"http:\/\/www.pelimanni.fi\/festivaalijamit\/wp-content\/uploads\/2014\/05\/HovenDroven_Slentbjenn.pdf\">pdf<\/a><\/p>\n<p>Almas Polska <a href=\"http:\/\/www.pelimanni.fi\/festivaalijamit\/wp-content\/uploads\/2014\/05\/Bollnas_Almas-Polska.pdf\">pdf<\/a><\/p>\n<p>Till Silje (polska) <a href=\"http:\/\/www.pelimanni.fi\/festivaalijamit\/wp-content\/uploads\/2014\/05\/Bollnas_Till-Silje_polska.pdf\">pdf<\/a><\/p>\n<h3><\/h3>\n","protected":false},"excerpt":{"rendered":"<p>320TERVEHDYS PELIMANNIT! Ota varasl\u00e4ht\u00f6 kursseille ja tule jamisoittoon Orivedelle edellisen\u00e4 iltana 26.12.! Jameissa soitellaan Kaustisen workshop-ohjelmistoa, ja muutakin joka l\u00e4htee porukalla soimaan. N\u00e4it\u00e4 viime kes\u00e4n Kaustisen Festivaalijamien kappaleita soitetaan my\u00f6s Oriveden perinteisilla kansanmusiikkikursseilla 26.12.2014. N\u00e4int\u00e4 soiteltiin viime kes\u00e4n\u00e4 Kaustisen viikon &hellip; <a href=\"http:\/\/www.pelimanni.fi\/festivaalijamit\/?page_id=278\">Continue reading <span class=\"meta-nav\">&rarr;<\/span><\/a><\/p>\n","protected":false},"author":1,"featured_media":0,"parent":0,"menu_order":3,"comment_status":"closed","ping_status":"open","template":"","meta":{"footnotes":""},"class_list":["post-278","page","type-page","status-publish","hentry"],"_links":{"self":[{"href":"http:\/\/www.pelimanni.fi\/festivaalijamit\/index.php?rest_route=\/wp\/v2\/pages\/278","targetHints":{"allow":["GET"]}}],"collection":[{"href":"http:\/\/www.pelimanni.fi\/festivaalijamit\/index.php?rest_route=\/wp\/v2\/pages"}],"about":[{"href":"http:\/\/www.pelimanni.fi\/festivaalijamit\/index.php?rest_route=\/wp\/v2\/types\/page"}],"author":[{"embeddable":true,"href":"http:\/\/www.pelimanni.fi\/festivaalijamit\/index.php?rest_route=\/wp\/v2\/users\/1"}],"replies":[{"embeddable":true,"href":"http:\/\/www.pelimanni.fi\/festivaalijamit\/index.php?rest_route=%2Fwp%2Fv2%2Fcomments&post=278"}],"version-history":[{"count":52,"href":"http:\/\/www.pelimanni.fi\/festivaalijamit\/index.php?rest_route=\/wp\/v2\/pages\/278\/revisions"}],"predecessor-version":[{"id":425,"href":"http:\/\/www.pelimanni.fi\/festivaalijamit\/index.php?rest_route=\/wp\/v2\/pages\/278\/revisions\/425"}],"wp:attachment":[{"href":"http:\/\/www.pelimanni.fi\/festivaalijamit\/index.php?rest_route=%2Fwp%2Fv2%2Fmedia&parent=278"}],"curies":[{"name":"wp","href":"https:\/\/api.w.org\/{rel}","templated":true}]}}