{"id":309,"date":"2014-05-10T15:47:54","date_gmt":"2014-05-10T12:47:54","guid":{"rendered":"http:\/\/www.pelimanni.fi\/festivaalijamit\/?page_id=309"},"modified":"2014-05-16T21:17:19","modified_gmt":"2014-05-16T18:17:19","slug":"oas","status":"publish","type":"page","link":"http:\/\/www.pelimanni.fi\/festivaalijamit\/?page_id=309","title":{"rendered":"Orivesi All Stars"},"content":{"rendered":"<p><strong>Orivesi All Stars \u2013 Suomen suurin pelimanniorkesteri!<\/strong><\/p>\n<p style=\"color: #333333;\"><strong>The biggest Folk Music Collective in Finland!<\/strong><\/p>\n<p style=\"color: #333333;\">OAS eli Orivesi All Stars on periaatteessa kenelle tahansa soittamisen perustaidot omaavalle avoin pelimannikollektiivi, joka on perustettu musiikillisen ilon l\u00f6yt\u00e4misen, oppimisen, kokemisen ja jakamisen edist\u00e4miseksi. Ik\u00e4haitari OAS:ssa on n.10-85 vuoden v\u00e4lill\u00e4, maantieteellinen kattavuus on jo v\u00e4hint\u00e4\u00e4nkin akselilla Saksa-Oulu-USA ja ryhm\u00e4ss\u00e4 ei tehd\u00e4 eroa, oletko amat\u00f6\u00f6ri-, harrastaja- vai ammattisoittaja. Ainoa p\u00e4\u00e4m\u00e4\u00e4r\u00e4 on, ett\u00e4 harjoitetaan mukavaa ja mielek\u00e4st\u00e4 musisointia yhdess\u00e4, hyv\u00e4ss\u00e4 hengess\u00e4 ja annetaan sen n\u00e4ky\u00e4 ja kuulua!<\/p>\n<p style=\"color: #333333;\">Yhtye on perustettu perinteisill\u00e4 Oriveden kansanmusiikkikursseilla joulukuussa vuonna 2011. Yhtyeen vet\u00e4j\u00e4n\u00e4 toimii Antti J\u00e4rvel\u00e4.<\/p>\n<p style=\"color: #333333;\">Tervetuloa mukaha!<\/p>\n<p><a href=\"http:\/\/orivesiallstars.fi\" target=\"_blank\">http:\/\/orivesiallstars.fi<\/a><\/p>\n<p>&nbsp;<\/p>\n<p>&nbsp;<\/p>\n","protected":false},"excerpt":{"rendered":"<p>Orivesi All Stars \u2013 Suomen suurin pelimanniorkesteri! The biggest Folk Music Collective in Finland! OAS eli Orivesi All Stars on periaatteessa kenelle tahansa soittamisen perustaidot omaavalle avoin pelimannikollektiivi, joka on perustettu musiikillisen ilon l\u00f6yt\u00e4misen, oppimisen, kokemisen ja jakamisen edist\u00e4miseksi. Ik\u00e4haitari &hellip; <a href=\"http:\/\/www.pelimanni.fi\/festivaalijamit\/?page_id=309\">Continue reading <span class=\"meta-nav\">&rarr;<\/span><\/a><\/p>\n","protected":false},"author":1,"featured_media":0,"parent":0,"menu_order":10,"comment_status":"closed","ping_status":"open","template":"","meta":{"footnotes":""},"class_list":["post-309","page","type-page","status-publish","hentry"],"_links":{"self":[{"href":"http:\/\/www.pelimanni.fi\/festivaalijamit\/index.php?rest_route=\/wp\/v2\/pages\/309","targetHints":{"allow":["GET"]}}],"collection":[{"href":"http:\/\/www.pelimanni.fi\/festivaalijamit\/index.php?rest_route=\/wp\/v2\/pages"}],"about":[{"href":"http:\/\/www.pelimanni.fi\/festivaalijamit\/index.php?rest_route=\/wp\/v2\/types\/page"}],"author":[{"embeddable":true,"href":"http:\/\/www.pelimanni.fi\/festivaalijamit\/index.php?rest_route=\/wp\/v2\/users\/1"}],"replies":[{"embeddable":true,"href":"http:\/\/www.pelimanni.fi\/festivaalijamit\/index.php?rest_route=%2Fwp%2Fv2%2Fcomments&post=309"}],"version-history":[{"count":4,"href":"http:\/\/www.pelimanni.fi\/festivaalijamit\/index.php?rest_route=\/wp\/v2\/pages\/309\/revisions"}],"predecessor-version":[{"id":330,"href":"http:\/\/www.pelimanni.fi\/festivaalijamit\/index.php?rest_route=\/wp\/v2\/pages\/309\/revisions\/330"}],"wp:attachment":[{"href":"http:\/\/www.pelimanni.fi\/festivaalijamit\/index.php?rest_route=%2Fwp%2Fv2%2Fmedia&parent=309"}],"curies":[{"name":"wp","href":"https:\/\/api.w.org\/{rel}","templated":true}]}}